{"id":2173,"date":"2016-10-18T19:42:36","date_gmt":"2016-10-18T17:42:36","guid":{"rendered":"http:\/\/www.nyalahotel.biz\/de\/?page_id=2173"},"modified":"2018-12-28T14:55:10","modified_gmt":"2018-12-28T13:55:10","slug":"f1-monaco-grand-prix","status":"publish","type":"page","link":"https:\/\/nyala.info\/de\/angebote\/grossen-events\/f1-monaco-grand-prix\/","title":{"rendered":"F1 Monaco Grand Prix"},"content":{"rendered":"<h2 style=\"text-align: center;\">F1 Monaco Grand Prix<\/h2>\n<p style=\"text-align: center;\">Reservieren sie jetzt ein Zimmer in unserem 4 Sterne Hotel in San Remo und seien sie live an der Rennstrecke einer der gr\u00f6\u00dften Formel 1 Rennen dabei. Unser Hotel ist nur 30 Minuten von der Rennstrecke entfernt.<\/p>\n<ul class=\"tabs\">\n<li class=\"tab-link current\" data-tab=\"tab-1\">Buchen<\/li>\n<li class=\"tab-link\" data-tab=\"tab-2\">Unser Angebot umfasst<\/li>\n<li class=\"tab-link\" data-tab=\"tab-3\">Buchungsbedingungen<\/li>\n<\/ul>\n<div id=\"tab-1\" class=\"tab-content current\">\n<p>San Remo liegt nur etwa 30 Minuten mit dem Auto von Montecarlo entfernt. Die Zugfahrt dauert in etwa 45 Minuten. Eine ideale Entfernung um nicht mitten im Trubel zu stecken, aber dennoch nah genug um bequem am Renngeschehen teilzuhaben.<\/p>\n<p>Die Tickets f\u00fcr das Rennen werden vom ACM (Automobil Club Monaco) ausgestellt. Auf Anfrage kann unser Hotel die Karten auch reservieren.<\/p>\n<a class=\"maxbutton-16 maxbutton maxbutton-buchen\" target=\"_blank\" rel=\"noopener\" href=\"http:\/\/www.nyalahotel.com\/de\/jetzt-buchen\/\"><span class='mb-text'>Buchen<\/span><\/a>\n<\/div>\n<div id=\"tab-2\" class=\"tab-content\">\n<p>Unser Angebot umfasst<\/p>\n<ul>\n<li>&#8220;Bed &amp; breakfast\u00a0:<\/li>\n<li>&#8220;L\u00e4nger bleiben\u00a0\u2013\u00a0weniger zahlen!&#8221;:ab einer bestimmten Aufenthaltsdauer erhalten Sie eine kostenlose \u00dcbernachtung<\/li>\n<li>Privatparkplatz je nach Verf\u00fcgbarkeit<\/li>\n<\/ul>\n<ul>\n<li>Ein Coupon f\u00fcr Spielchips im st\u00e4dtischen Kasino. Fordern Sie Fortuna herraus!<\/li>\n<\/ul>\n<\/div>\n<div id=\"tab-3\" class=\"tab-content\">\n<p>BUCHUNGSBEDINGUNGEN<\/p>\n<ul>\n<li>Minimale Aufentaltsdauer: 1 Nacht.<\/li>\n<li>Maximale Aufenthaltsdauer: 9 N\u00e4chte.<\/li>\n<li>ieses Angebot gilt nur f\u00fcr Online-Buchungen und ist nur f\u00fcr eine begrenzte Anzahl von Zimmern verf\u00fcgbar.<\/li>\n<li>Dieses Angebot gilt nur w\u00e4hrend der Veranstaltungszeit.<\/li>\n<li>Alle vorgestellten Rabatte werden automatisch von unserem Buchungssystem berechnet.<\/li>\n<li>Dieses Angebot kann ohne Vorank\u00fcndigung ge\u00e4ndert werden.<\/li>\n<li>Kaution: 25%, Minimum, oder eine \u00dcbernachtung.<\/li>\n<li>Kostenlose Stornierung und Modifikation bis zu 3 Tage vor Beginn des Aufenthalts.<\/li>\n<li>Strafe f\u00fcr die versp\u00e4tete Stornierung und \u00c4nderung, Nichterscheinen, vorzeitiger Abreise: 100%.<\/li>\n<\/ul>\n<\/div>\n<p><!-- container --><br \/>\n<script type=\"text\/javascript\">\n\tjQuery(document).ready(function(){\t\n\tjQuery('ul.tabs li').click(function(){\n\t\tvar tab_id = jQuery(this).attr('data-tab');\n\t\tjQuery('ul.tabs li').removeClass('current');\n\t\tjQuery('.tab-content').removeClass('current');\n\t\tjQuery(this).addClass('current');\n\t\tjQuery(\"#\"+tab_id).addClass('current');\n\t})\n})\n<\/script><\/p>\n<p style=\"text-align: center;\"><strong> MONACO GRAND PRIX Program<br \/>\n<\/strong><\/p>\n<p style=\"text-align: center;\">Please visit the website at <a href=\"http:\/\/monacograndprix.it\/en\/\" target=\"_blank\" rel=\"noopener\">this link<\/a> to learn more about the event, our packages, VIP accommodation and book the tickets.<\/p>\n<p style=\"text-align: center; font-size: 16px;\">\n","protected":false},"excerpt":{"rendered":"<p>F1 Monaco Grand Prix Reservieren sie jetzt ein Zimmer in unserem 4 Sterne Hotel in San Remo und seien sie live an der Rennstrecke einer der gr\u00f6\u00dften Formel 1 Rennen dabei. Unser Hotel ist nur 30 Minuten von der Rennstrecke entfernt. Buchen Unser Angebot umfasst Buchungsbedingungen San Remo liegt nur etwa 30 Minuten mit dem [&hellip;]<\/p>\n","protected":false},"author":3,"featured_media":1090,"parent":4968,"menu_order":23,"comment_status":"open","ping_status":"closed","template":"","meta":{"_acf_changed":false,"footnotes":""},"class_list":["post-2173","page","type-page","status-publish","has-post-thumbnail","hentry"],"acf":[],"yoast_head":"<!-- This site is optimized with the Yoast SEO plugin v25.6 - https:\/\/yoast.com\/wordpress\/plugins\/seo\/ -->\n<title>F1 Monaco Grand Prix | Nyala Suite Hotel 4-Sterne-Hotel in San Remo<\/title>\n<meta name=\"description\" content=\"F1 Monaco - Reservieren sie jetzt ein Zimmer in unserem 4 Sterne Hotel in San Remo und seien sie live an der Rennstrecke einer der gr\u00f6\u00dften Formel 1 Rennen\" \/>\n<meta name=\"robots\" content=\"noindex, follow, max-snippet:-1, max-image-preview:large, max-video-preview:-1\" \/>\n<meta property=\"og:locale\" content=\"de_DE\" \/>\n<meta property=\"og:type\" content=\"article\" \/>\n<meta property=\"og:title\" content=\"F1 Monaco Grand Prix | Nyala Suite Hotel 4-Sterne-Hotel in San Remo\" \/>\n<meta property=\"og:description\" content=\"F1 Monaco - Reservieren sie jetzt ein Zimmer in unserem 4 Sterne Hotel in San Remo und seien sie live an der Rennstrecke einer der gr\u00f6\u00dften Formel 1 Rennen\" \/>\n<meta property=\"og:url\" content=\"https:\/\/nyala.info\/de\/angebote\/grossen-events\/f1-monaco-grand-prix\/\" \/>\n<meta property=\"og:site_name\" content=\"Nyala Suite Hotel\" \/>\n<meta property=\"article:modified_time\" content=\"2018-12-28T13:55:10+00:00\" \/>\n<meta property=\"og:image\" content=\"https:\/\/nyala.info\/wp-content\/uploads\/2015\/04\/monacogp.jpg\" \/>\n\t<meta property=\"og:image:width\" content=\"1620\" \/>\n\t<meta property=\"og:image:height\" content=\"1080\" \/>\n\t<meta property=\"og:image:type\" content=\"image\/jpeg\" \/>\n<meta name=\"twitter:card\" content=\"summary_large_image\" \/>\n<meta name=\"twitter:label1\" content=\"Est. reading time\" \/>\n\t<meta name=\"twitter:data1\" content=\"1 minute\" \/>\n<script type=\"application\/ld+json\" class=\"yoast-schema-graph\">{\"@context\":\"https:\/\/schema.org\",\"@graph\":[{\"@type\":\"WebPage\",\"@id\":\"https:\/\/nyala.info\/de\/angebote\/grossen-events\/f1-monaco-grand-prix\/\",\"url\":\"https:\/\/nyala.info\/de\/angebote\/grossen-events\/f1-monaco-grand-prix\/\",\"name\":\"F1 Monaco Grand Prix | Nyala Suite Hotel 4-Sterne-Hotel in San Remo\",\"isPartOf\":{\"@id\":\"https:\/\/nyala.info\/de\/#website\"},\"primaryImageOfPage\":{\"@id\":\"https:\/\/nyala.info\/de\/angebote\/grossen-events\/f1-monaco-grand-prix\/#primaryimage\"},\"image\":{\"@id\":\"https:\/\/nyala.info\/de\/angebote\/grossen-events\/f1-monaco-grand-prix\/#primaryimage\"},\"thumbnailUrl\":\"https:\/\/nyala.info\/wp-content\/uploads\/2015\/04\/monacogp.jpg\",\"datePublished\":\"2016-10-18T17:42:36+00:00\",\"dateModified\":\"2018-12-28T13:55:10+00:00\",\"description\":\"F1 Monaco - Reservieren sie jetzt ein Zimmer in unserem 4 Sterne Hotel in San Remo und seien sie live an der Rennstrecke einer der gr\u00f6\u00dften Formel 1 Rennen\",\"breadcrumb\":{\"@id\":\"https:\/\/nyala.info\/de\/angebote\/grossen-events\/f1-monaco-grand-prix\/#breadcrumb\"},\"inLanguage\":\"de-DE\",\"potentialAction\":[{\"@type\":\"ReadAction\",\"target\":[\"https:\/\/nyala.info\/de\/angebote\/grossen-events\/f1-monaco-grand-prix\/\"]}]},{\"@type\":\"ImageObject\",\"inLanguage\":\"de-DE\",\"@id\":\"https:\/\/nyala.info\/de\/angebote\/grossen-events\/f1-monaco-grand-prix\/#primaryimage\",\"url\":\"https:\/\/nyala.info\/wp-content\/uploads\/2015\/04\/monacogp.jpg\",\"contentUrl\":\"https:\/\/nyala.info\/wp-content\/uploads\/2015\/04\/monacogp.jpg\",\"width\":1620,\"height\":1080,\"caption\":\"monaco gran premio formula 1\"},{\"@type\":\"BreadcrumbList\",\"@id\":\"https:\/\/nyala.info\/de\/angebote\/grossen-events\/f1-monaco-grand-prix\/#breadcrumb\",\"itemListElement\":[{\"@type\":\"ListItem\",\"position\":1,\"name\":\"Home\",\"item\":\"https:\/\/nyala.info\/de\/\"},{\"@type\":\"ListItem\",\"position\":2,\"name\":\"ANGEBOTE\",\"item\":\"https:\/\/nyala.info\/de\/angebote\/\"},{\"@type\":\"ListItem\",\"position\":3,\"name\":\"Gro\u00dfe Veranstaltungen\",\"item\":\"https:\/\/nyala.info\/de\/angebote\/grossen-events\/\"},{\"@type\":\"ListItem\",\"position\":4,\"name\":\"F1 Monaco Grand Prix\"}]},{\"@type\":\"WebSite\",\"@id\":\"https:\/\/nyala.info\/de\/#website\",\"url\":\"https:\/\/nyala.info\/de\/\",\"name\":\"Nyala Suite Hotel\",\"description\":\"4-Sterne-Hotel in San Remo\",\"potentialAction\":[{\"@type\":\"SearchAction\",\"target\":{\"@type\":\"EntryPoint\",\"urlTemplate\":\"https:\/\/nyala.info\/de\/?s={search_term_string}\"},\"query-input\":{\"@type\":\"PropertyValueSpecification\",\"valueRequired\":true,\"valueName\":\"search_term_string\"}}],\"inLanguage\":\"de-DE\"}]}<\/script>\n<!-- \/ Yoast SEO plugin. -->","yoast_head_json":{"title":"F1 Monaco Grand Prix | Nyala Suite Hotel 4-Sterne-Hotel in San Remo","description":"F1 Monaco - Reservieren sie jetzt ein Zimmer in unserem 4 Sterne Hotel in San Remo und seien sie live an der Rennstrecke einer der gr\u00f6\u00dften Formel 1 Rennen","robots":{"index":"noindex","follow":"follow","max-snippet":"max-snippet:-1","max-image-preview":"max-image-preview:large","max-video-preview":"max-video-preview:-1"},"og_locale":"de_DE","og_type":"article","og_title":"F1 Monaco Grand Prix | Nyala Suite Hotel 4-Sterne-Hotel in San Remo","og_description":"F1 Monaco - Reservieren sie jetzt ein Zimmer in unserem 4 Sterne Hotel in San Remo und seien sie live an der Rennstrecke einer der gr\u00f6\u00dften Formel 1 Rennen","og_url":"https:\/\/nyala.info\/de\/angebote\/grossen-events\/f1-monaco-grand-prix\/","og_site_name":"Nyala Suite Hotel","article_modified_time":"2018-12-28T13:55:10+00:00","og_image":[{"width":1620,"height":1080,"url":"https:\/\/nyala.info\/wp-content\/uploads\/2015\/04\/monacogp.jpg","type":"image\/jpeg"}],"twitter_card":"summary_large_image","twitter_misc":{"Est. reading time":"1 minute"},"schema":{"@context":"https:\/\/schema.org","@graph":[{"@type":"WebPage","@id":"https:\/\/nyala.info\/de\/angebote\/grossen-events\/f1-monaco-grand-prix\/","url":"https:\/\/nyala.info\/de\/angebote\/grossen-events\/f1-monaco-grand-prix\/","name":"F1 Monaco Grand Prix | Nyala Suite Hotel 4-Sterne-Hotel in San Remo","isPartOf":{"@id":"https:\/\/nyala.info\/de\/#website"},"primaryImageOfPage":{"@id":"https:\/\/nyala.info\/de\/angebote\/grossen-events\/f1-monaco-grand-prix\/#primaryimage"},"image":{"@id":"https:\/\/nyala.info\/de\/angebote\/grossen-events\/f1-monaco-grand-prix\/#primaryimage"},"thumbnailUrl":"https:\/\/nyala.info\/wp-content\/uploads\/2015\/04\/monacogp.jpg","datePublished":"2016-10-18T17:42:36+00:00","dateModified":"2018-12-28T13:55:10+00:00","description":"F1 Monaco - Reservieren sie jetzt ein Zimmer in unserem 4 Sterne Hotel in San Remo und seien sie live an der Rennstrecke einer der gr\u00f6\u00dften Formel 1 Rennen","breadcrumb":{"@id":"https:\/\/nyala.info\/de\/angebote\/grossen-events\/f1-monaco-grand-prix\/#breadcrumb"},"inLanguage":"de-DE","potentialAction":[{"@type":"ReadAction","target":["https:\/\/nyala.info\/de\/angebote\/grossen-events\/f1-monaco-grand-prix\/"]}]},{"@type":"ImageObject","inLanguage":"de-DE","@id":"https:\/\/nyala.info\/de\/angebote\/grossen-events\/f1-monaco-grand-prix\/#primaryimage","url":"https:\/\/nyala.info\/wp-content\/uploads\/2015\/04\/monacogp.jpg","contentUrl":"https:\/\/nyala.info\/wp-content\/uploads\/2015\/04\/monacogp.jpg","width":1620,"height":1080,"caption":"monaco gran premio formula 1"},{"@type":"BreadcrumbList","@id":"https:\/\/nyala.info\/de\/angebote\/grossen-events\/f1-monaco-grand-prix\/#breadcrumb","itemListElement":[{"@type":"ListItem","position":1,"name":"Home","item":"https:\/\/nyala.info\/de\/"},{"@type":"ListItem","position":2,"name":"ANGEBOTE","item":"https:\/\/nyala.info\/de\/angebote\/"},{"@type":"ListItem","position":3,"name":"Gro\u00dfe Veranstaltungen","item":"https:\/\/nyala.info\/de\/angebote\/grossen-events\/"},{"@type":"ListItem","position":4,"name":"F1 Monaco Grand Prix"}]},{"@type":"WebSite","@id":"https:\/\/nyala.info\/de\/#website","url":"https:\/\/nyala.info\/de\/","name":"Nyala Suite Hotel","description":"4-Sterne-Hotel in San Remo","potentialAction":[{"@type":"SearchAction","target":{"@type":"EntryPoint","urlTemplate":"https:\/\/nyala.info\/de\/?s={search_term_string}"},"query-input":{"@type":"PropertyValueSpecification","valueRequired":true,"valueName":"search_term_string"}}],"inLanguage":"de-DE"}]}},"_links":{"self":[{"href":"https:\/\/nyala.info\/de\/wp-json\/wp\/v2\/pages\/2173"}],"collection":[{"href":"https:\/\/nyala.info\/de\/wp-json\/wp\/v2\/pages"}],"about":[{"href":"https:\/\/nyala.info\/de\/wp-json\/wp\/v2\/types\/page"}],"author":[{"embeddable":true,"href":"https:\/\/nyala.info\/de\/wp-json\/wp\/v2\/users\/3"}],"replies":[{"embeddable":true,"href":"https:\/\/nyala.info\/de\/wp-json\/wp\/v2\/comments?post=2173"}],"version-history":[{"count":8,"href":"https:\/\/nyala.info\/de\/wp-json\/wp\/v2\/pages\/2173\/revisions"}],"predecessor-version":[{"id":7472,"href":"https:\/\/nyala.info\/de\/wp-json\/wp\/v2\/pages\/2173\/revisions\/7472"}],"up":[{"embeddable":true,"href":"https:\/\/nyala.info\/de\/wp-json\/wp\/v2\/pages\/4968"}],"wp:featuredmedia":[{"embeddable":true,"href":"https:\/\/nyala.info\/de\/wp-json\/wp\/v2\/media\/1090"}],"wp:attachment":[{"href":"https:\/\/nyala.info\/de\/wp-json\/wp\/v2\/media?parent=2173"}],"curies":[{"name":"wp","href":"https:\/\/api.w.org\/{rel}","templated":true}]}}