{"id":2163,"date":"2016-10-18T19:34:28","date_gmt":"2016-10-18T17:34:28","guid":{"rendered":"http:\/\/www.nyalahotel.biz\/de\/?page_id=2163"},"modified":"2016-10-28T21:37:26","modified_gmt":"2016-10-28T19:37:26","slug":"blumenparade","status":"publish","type":"page","link":"https:\/\/nyala.info\/de\/angebote\/grossen-events\/blumenparade\/","title":{"rendered":"Blumenparade San Remo in Bl\u00fcte"},"content":{"rendered":"<h2>Reservieren sie jetzt ein Zimmer in unserem 4 Sterne Hotel zur beliebten Blumenparade in San Remo, und seien\u00a0 sie hautnah bei der Blumenparade dabei.<\/h2>\n<p>&nbsp;<\/p>\n<p style=\"text-align: left;\"><a href=\"http:\/\/www.nyalahotel.com\/wp-content\/uploads\/2015\/04\/carrofiorito.jpg\"><img loading=\"lazy\" decoding=\"async\" class=\" wp-image-1073 alignright\" src=\"http:\/\/www.nyalahotel.com\/wp-content\/uploads\/2015\/04\/carrofiorito-300x200.jpg\" alt=\"Carro fiorito Sanremo, Blumenparade\" width=\"365\" height=\"243\" srcset=\"https:\/\/nyala.info\/wp-content\/uploads\/2015\/04\/carrofiorito-300x200.jpg 300w, https:\/\/nyala.info\/wp-content\/uploads\/2015\/04\/carrofiorito-768x512.jpg 768w, https:\/\/nyala.info\/wp-content\/uploads\/2015\/04\/carrofiorito-1024x683.jpg 1024w, https:\/\/nyala.info\/wp-content\/uploads\/2015\/04\/carrofiorito-600x400.jpg 600w, https:\/\/nyala.info\/wp-content\/uploads\/2015\/04\/carrofiorito-2x1.jpg 2w, https:\/\/nyala.info\/wp-content\/uploads\/2015\/04\/carrofiorito.jpg 1620w\" sizes=\"(max-width: 365px) 100vw, 365px\" \/><\/a>Jedes Jahr werden die Stra\u00dfen der Stadt San Remo von den bunt geschm\u00fcckten Blumenwagons zum Leben erweckt. Wir laden sie dazu ein an diesem Spektakel teilzuhaben.<\/p>\n<p lang=\"de-DE\">Im Angebot enthalten:<\/p>\n<ul>\n<li><strong>&#8220;<\/strong><strong>L\u00e4nger bleiben<\/strong><strong>\u00a0\u2013\u00a0<\/strong><strong>weniger zahlen<\/strong><strong>!&#8221;:<\/strong><strong>ab einer bestimmten Aufenthaltsdauer erhalten Sie eine kostenlose \u00dcbernachtung<\/strong><\/li>\n<\/ul>\n<ul>\n<li>Halbpension<\/li>\n<\/ul>\n<ul>\n<li>\n<p lang=\"de-DE\">Fr\u00fchst\u00fccksbuffet<\/p>\n<\/li>\n<li>\n<p lang=\"de-DE\">Abendessen nach Tagesmen\u00fc<\/p>\n<\/li>\n<li><strong>Gala Essen<\/strong>: F\u00fcr Samstag Abend haben wir anl\u00e4sslich der Blumenparade ein ganz besonderes Men\u00fc<\/li>\n<\/ul>\n<ul>\n<li>\n<p lang=\"de-DE\">Bis zu 2 Kinder k\u00f6nnen kostenlos im Zimmer der Eltern \u00fcbernachten!<\/p>\n<\/li>\n<li>\n<p lang=\"de-DE\">Auch ihre Vierbeiner sind erlaubt, und \u00fcbernachten bei uns kostenlos!<\/p>\n<\/li>\n<\/ul>\n<p>Au\u00dferdem enthalten:<\/p>\n<ul>\n<li>Transfer zum und vom Bahnhof<\/li>\n<li>Privater Parkplatz, je nach Verf\u00fcgbarkeit .<\/li>\n<li>\n<p lang=\"de-DE\">Ein Coupon f\u00fcr Spielchips im st\u00e4dtischen Kasino. Fordern Sie Fortuna herraus!<\/p>\n<\/li>\n<\/ul>\n<p class=\"small\">BUCHUNGSBEDINGUNGEN<br \/>\nMinimale Aufentaltsdauer: 1 Nacht.<br \/>\nMaximale Aufenthaltsdauer: 9 N\u00e4chte.<br \/>\nieses Angebot gilt nur f\u00fcr Online-Buchungen und ist nur f\u00fcr eine begrenzte Anzahl von Zimmern verf\u00fcgbar.<br \/>\nDieses Angebot gilt nur w\u00e4hrend der Veranstaltungszeit.<br \/>\nAlle vorgestellten Rabatte werden automatisch von unserem Buchungssystem berechnet.<br \/>\nDieses Angebot kann ohne Vorank\u00fcndigung ge\u00e4ndert werden.<br \/>\nKaution: 25%, Minimum, oder eine \u00dcbernachtung.<br \/>\nKostenlose Stornierung und Modifikation bis zu 3 Tage vor Beginn des Aufenthalts.<br \/>\nStrafe f\u00fcr die versp\u00e4tete Stornierung und \u00c4nderung, Nichterscheinen, vorzeitiger Abreise: 100%.<\/p>\n","protected":false},"excerpt":{"rendered":"<p>Reservieren sie jetzt ein Zimmer in unserem 4 Sterne Hotel zur beliebten Blumenparade in San Remo, und seien\u00a0 sie hautnah bei der Blumenparade dabei. &nbsp; Jedes Jahr werden die Stra\u00dfen der Stadt San Remo von den bunt geschm\u00fcckten Blumenwagons zum Leben erweckt. Wir laden sie dazu ein an diesem Spektakel teilzuhaben. Im Angebot enthalten: &#8220;L\u00e4nger [&hellip;]<\/p>\n","protected":false},"author":3,"featured_media":1073,"parent":4968,"menu_order":23,"comment_status":"open","ping_status":"closed","template":"","meta":{"_acf_changed":false,"footnotes":""},"class_list":["post-2163","page","type-page","status-publish","has-post-thumbnail","hentry"],"acf":[],"yoast_head":"<!-- This site is optimized with the Yoast SEO plugin v25.6 - https:\/\/yoast.com\/wordpress\/plugins\/seo\/ -->\n<title>Blumenparade San Remo in Bl\u00fcte | Nyala Suite Hotel 4-Sterne-Hotel in San Remo<\/title>\n<meta name=\"description\" content=\"Reservieren sie jetzt ein Zimmer in unserem 4 Sterne Hotel zur beliebten Blumenparade in San Remo, und seien sie hautnah bei der Blumenparade dabei.\" \/>\n<meta name=\"robots\" content=\"noindex, follow, max-snippet:-1, max-image-preview:large, max-video-preview:-1\" \/>\n<meta property=\"og:locale\" content=\"de_DE\" \/>\n<meta property=\"og:type\" content=\"article\" \/>\n<meta property=\"og:title\" content=\"Blumenparade San Remo in Bl\u00fcte | Nyala Suite Hotel 4-Sterne-Hotel in San Remo\" \/>\n<meta property=\"og:description\" content=\"Reservieren sie jetzt ein Zimmer in unserem 4 Sterne Hotel zur beliebten Blumenparade in San Remo, und seien sie hautnah bei der Blumenparade dabei.\" \/>\n<meta property=\"og:url\" content=\"https:\/\/nyala.info\/de\/angebote\/grossen-events\/blumenparade\/\" \/>\n<meta property=\"og:site_name\" content=\"Nyala Suite Hotel\" \/>\n<meta property=\"article:modified_time\" content=\"2016-10-28T19:37:26+00:00\" \/>\n<meta property=\"og:image\" content=\"https:\/\/nyala.info\/wp-content\/uploads\/2015\/04\/carrofiorito.jpg\" \/>\n\t<meta property=\"og:image:width\" content=\"1620\" \/>\n\t<meta property=\"og:image:height\" content=\"1080\" \/>\n\t<meta property=\"og:image:type\" content=\"image\/jpeg\" \/>\n<meta name=\"twitter:card\" content=\"summary_large_image\" \/>\n<meta name=\"twitter:label1\" content=\"Est. reading time\" \/>\n\t<meta name=\"twitter:data1\" content=\"1 minute\" \/>\n<script type=\"application\/ld+json\" class=\"yoast-schema-graph\">{\"@context\":\"https:\/\/schema.org\",\"@graph\":[{\"@type\":\"WebPage\",\"@id\":\"https:\/\/nyala.info\/de\/angebote\/grossen-events\/blumenparade\/\",\"url\":\"https:\/\/nyala.info\/de\/angebote\/grossen-events\/blumenparade\/\",\"name\":\"Blumenparade San Remo in Bl\u00fcte | Nyala Suite Hotel 4-Sterne-Hotel in San Remo\",\"isPartOf\":{\"@id\":\"https:\/\/nyala.info\/de\/#website\"},\"primaryImageOfPage\":{\"@id\":\"https:\/\/nyala.info\/de\/angebote\/grossen-events\/blumenparade\/#primaryimage\"},\"image\":{\"@id\":\"https:\/\/nyala.info\/de\/angebote\/grossen-events\/blumenparade\/#primaryimage\"},\"thumbnailUrl\":\"https:\/\/nyala.info\/wp-content\/uploads\/2015\/04\/carrofiorito.jpg\",\"datePublished\":\"2016-10-18T17:34:28+00:00\",\"dateModified\":\"2016-10-28T19:37:26+00:00\",\"description\":\"Reservieren sie jetzt ein Zimmer in unserem 4 Sterne Hotel zur beliebten Blumenparade in San Remo, und seien sie hautnah bei der Blumenparade dabei.\",\"breadcrumb\":{\"@id\":\"https:\/\/nyala.info\/de\/angebote\/grossen-events\/blumenparade\/#breadcrumb\"},\"inLanguage\":\"de-DE\",\"potentialAction\":[{\"@type\":\"ReadAction\",\"target\":[\"https:\/\/nyala.info\/de\/angebote\/grossen-events\/blumenparade\/\"]}]},{\"@type\":\"ImageObject\",\"inLanguage\":\"de-DE\",\"@id\":\"https:\/\/nyala.info\/de\/angebote\/grossen-events\/blumenparade\/#primaryimage\",\"url\":\"https:\/\/nyala.info\/wp-content\/uploads\/2015\/04\/carrofiorito.jpg\",\"contentUrl\":\"https:\/\/nyala.info\/wp-content\/uploads\/2015\/04\/carrofiorito.jpg\",\"width\":1620,\"height\":1080,\"caption\":\"Carro fiorito Sanremo, Blumenparade, \u041f\u0430\u0440\u0430\u0434 \u0446\u0432\u0435\u0442\u043e\u0432\"},{\"@type\":\"BreadcrumbList\",\"@id\":\"https:\/\/nyala.info\/de\/angebote\/grossen-events\/blumenparade\/#breadcrumb\",\"itemListElement\":[{\"@type\":\"ListItem\",\"position\":1,\"name\":\"Home\",\"item\":\"https:\/\/nyala.info\/de\/\"},{\"@type\":\"ListItem\",\"position\":2,\"name\":\"ANGEBOTE\",\"item\":\"https:\/\/nyala.info\/de\/angebote\/\"},{\"@type\":\"ListItem\",\"position\":3,\"name\":\"Gro\u00dfe Veranstaltungen\",\"item\":\"https:\/\/nyala.info\/de\/angebote\/grossen-events\/\"},{\"@type\":\"ListItem\",\"position\":4,\"name\":\"Blumenparade San Remo in Bl\u00fcte\"}]},{\"@type\":\"WebSite\",\"@id\":\"https:\/\/nyala.info\/de\/#website\",\"url\":\"https:\/\/nyala.info\/de\/\",\"name\":\"Nyala Suite Hotel\",\"description\":\"4-Sterne-Hotel in San Remo\",\"potentialAction\":[{\"@type\":\"SearchAction\",\"target\":{\"@type\":\"EntryPoint\",\"urlTemplate\":\"https:\/\/nyala.info\/de\/?s={search_term_string}\"},\"query-input\":{\"@type\":\"PropertyValueSpecification\",\"valueRequired\":true,\"valueName\":\"search_term_string\"}}],\"inLanguage\":\"de-DE\"}]}<\/script>\n<!-- \/ Yoast SEO plugin. -->","yoast_head_json":{"title":"Blumenparade San Remo in Bl\u00fcte | Nyala Suite Hotel 4-Sterne-Hotel in San Remo","description":"Reservieren sie jetzt ein Zimmer in unserem 4 Sterne Hotel zur beliebten Blumenparade in San Remo, und seien sie hautnah bei der Blumenparade dabei.","robots":{"index":"noindex","follow":"follow","max-snippet":"max-snippet:-1","max-image-preview":"max-image-preview:large","max-video-preview":"max-video-preview:-1"},"og_locale":"de_DE","og_type":"article","og_title":"Blumenparade San Remo in Bl\u00fcte | Nyala Suite Hotel 4-Sterne-Hotel in San Remo","og_description":"Reservieren sie jetzt ein Zimmer in unserem 4 Sterne Hotel zur beliebten Blumenparade in San Remo, und seien sie hautnah bei der Blumenparade dabei.","og_url":"https:\/\/nyala.info\/de\/angebote\/grossen-events\/blumenparade\/","og_site_name":"Nyala Suite Hotel","article_modified_time":"2016-10-28T19:37:26+00:00","og_image":[{"width":1620,"height":1080,"url":"https:\/\/nyala.info\/wp-content\/uploads\/2015\/04\/carrofiorito.jpg","type":"image\/jpeg"}],"twitter_card":"summary_large_image","twitter_misc":{"Est. reading time":"1 minute"},"schema":{"@context":"https:\/\/schema.org","@graph":[{"@type":"WebPage","@id":"https:\/\/nyala.info\/de\/angebote\/grossen-events\/blumenparade\/","url":"https:\/\/nyala.info\/de\/angebote\/grossen-events\/blumenparade\/","name":"Blumenparade San Remo in Bl\u00fcte | Nyala Suite Hotel 4-Sterne-Hotel in San Remo","isPartOf":{"@id":"https:\/\/nyala.info\/de\/#website"},"primaryImageOfPage":{"@id":"https:\/\/nyala.info\/de\/angebote\/grossen-events\/blumenparade\/#primaryimage"},"image":{"@id":"https:\/\/nyala.info\/de\/angebote\/grossen-events\/blumenparade\/#primaryimage"},"thumbnailUrl":"https:\/\/nyala.info\/wp-content\/uploads\/2015\/04\/carrofiorito.jpg","datePublished":"2016-10-18T17:34:28+00:00","dateModified":"2016-10-28T19:37:26+00:00","description":"Reservieren sie jetzt ein Zimmer in unserem 4 Sterne Hotel zur beliebten Blumenparade in San Remo, und seien sie hautnah bei der Blumenparade dabei.","breadcrumb":{"@id":"https:\/\/nyala.info\/de\/angebote\/grossen-events\/blumenparade\/#breadcrumb"},"inLanguage":"de-DE","potentialAction":[{"@type":"ReadAction","target":["https:\/\/nyala.info\/de\/angebote\/grossen-events\/blumenparade\/"]}]},{"@type":"ImageObject","inLanguage":"de-DE","@id":"https:\/\/nyala.info\/de\/angebote\/grossen-events\/blumenparade\/#primaryimage","url":"https:\/\/nyala.info\/wp-content\/uploads\/2015\/04\/carrofiorito.jpg","contentUrl":"https:\/\/nyala.info\/wp-content\/uploads\/2015\/04\/carrofiorito.jpg","width":1620,"height":1080,"caption":"Carro fiorito Sanremo, Blumenparade, \u041f\u0430\u0440\u0430\u0434 \u0446\u0432\u0435\u0442\u043e\u0432"},{"@type":"BreadcrumbList","@id":"https:\/\/nyala.info\/de\/angebote\/grossen-events\/blumenparade\/#breadcrumb","itemListElement":[{"@type":"ListItem","position":1,"name":"Home","item":"https:\/\/nyala.info\/de\/"},{"@type":"ListItem","position":2,"name":"ANGEBOTE","item":"https:\/\/nyala.info\/de\/angebote\/"},{"@type":"ListItem","position":3,"name":"Gro\u00dfe Veranstaltungen","item":"https:\/\/nyala.info\/de\/angebote\/grossen-events\/"},{"@type":"ListItem","position":4,"name":"Blumenparade San Remo in Bl\u00fcte"}]},{"@type":"WebSite","@id":"https:\/\/nyala.info\/de\/#website","url":"https:\/\/nyala.info\/de\/","name":"Nyala Suite Hotel","description":"4-Sterne-Hotel in San Remo","potentialAction":[{"@type":"SearchAction","target":{"@type":"EntryPoint","urlTemplate":"https:\/\/nyala.info\/de\/?s={search_term_string}"},"query-input":{"@type":"PropertyValueSpecification","valueRequired":true,"valueName":"search_term_string"}}],"inLanguage":"de-DE"}]}},"_links":{"self":[{"href":"https:\/\/nyala.info\/de\/wp-json\/wp\/v2\/pages\/2163"}],"collection":[{"href":"https:\/\/nyala.info\/de\/wp-json\/wp\/v2\/pages"}],"about":[{"href":"https:\/\/nyala.info\/de\/wp-json\/wp\/v2\/types\/page"}],"author":[{"embeddable":true,"href":"https:\/\/nyala.info\/de\/wp-json\/wp\/v2\/users\/3"}],"replies":[{"embeddable":true,"href":"https:\/\/nyala.info\/de\/wp-json\/wp\/v2\/comments?post=2163"}],"version-history":[{"count":5,"href":"https:\/\/nyala.info\/de\/wp-json\/wp\/v2\/pages\/2163\/revisions"}],"predecessor-version":[{"id":2232,"href":"https:\/\/nyala.info\/de\/wp-json\/wp\/v2\/pages\/2163\/revisions\/2232"}],"up":[{"embeddable":true,"href":"https:\/\/nyala.info\/de\/wp-json\/wp\/v2\/pages\/4968"}],"wp:featuredmedia":[{"embeddable":true,"href":"https:\/\/nyala.info\/de\/wp-json\/wp\/v2\/media\/1073"}],"wp:attachment":[{"href":"https:\/\/nyala.info\/de\/wp-json\/wp\/v2\/media?parent=2163"}],"curies":[{"name":"wp","href":"https:\/\/api.w.org\/{rel}","templated":true}]}}