{"id":2161,"date":"2016-10-18T19:32:58","date_gmt":"2016-10-18T17:32:58","guid":{"rendered":"http:\/\/www.nyalahotel.biz\/de\/?page_id=2161"},"modified":"2016-11-03T11:34:46","modified_gmt":"2016-11-03T10:34:46","slug":"klima-und-wetter-sanremo","status":"publish","type":"page","link":"https:\/\/nyala.info\/de\/tagesausfluege\/klima-und-wetter-sanremo\/","title":{"rendered":"Klima und wetter in Sanremo"},"content":{"rendered":"<h2>Klima und wetter in Sanremo<\/h2>\n<h4>Von Chateaubriand stammt der Satz: &#8220;Es gibt Klima, deren extreme Sinnlichkeit kann gef\u00e4hrlich f\u00fcr die Tugend sein&#8221;&#8230;<\/h4>\n<p>&nbsp;<\/p>\n<p>Sanremo kann hier als bestes Beispiel dienen. Auf einem kleinen, nach S\u00fcd-Osten ausgerichteten St\u00fcck Erde gelegen, von Bergen sch\u00fctzend umarmt, verbinden sich hier Natur und Klima in einer einzigartigen Harmonie, die dem Besucher das ganze Jahr \u00fcber viele Vorteile bietet.<\/p>\n<p>Wirklich beste Voraussetzungen um der Gro\u00dfstadt einige Zeit zu entfliehen und entspannte Tage, fern von Stress und Alltag zu verbringen. Wenn man die Werte im k\u00e4ltesten Monat des Jahres (Januar) nimmt und vergleicht: Die Durchschnittstemperatur von Paris liegt bei + 2\u00b0C, die von Wien bei &#8211; 1,5\u00b0C, Berlin &#8211; 0,8\u00b0C, Z\u00fcrich &#8211; 1,2\u00b0C und Rom bei + 6\u00b0C. Sanremo, die Stadt der Blumen, weist dagegen den ermutigenden Wert von + 11,3\u00b0C auf.<\/p>\n<p>Aber damit nicht genug: am besten vergleicht man den Bade Klima Index, den wichtigsten Wert f\u00fcr Menschen, die hungrig nach Sonne sind und ein laues, nicht zu feuchtes, durch leichte Brisen erfrischtes Urlaubsziel anstreben.<\/p>\n<p>Der Index ergibt sich aus der Beziehung zwischen Regentagen und den Durchschnittstemperaturen der Badesaison (Juni bis September). Ein perfektes Badeziel sind Orte mit einem Wert kleiner als 3. Sanremo gewinnt hier mit unerreichten 0,4, ist damit besser als Neapel mit 0,7 und schl\u00e4gt die besten beiden franz\u00f6sischen Orte um L\u00e4ngen: Toulon mit 1,6 und Montpellier mit 2,6. Die Blumenriviera und die Touristen-Hauptstadt Sanremo liegen in einer subtropischen Klimazone mit 2.900 Sonnenstunden pro Jahr, das entspricht 60 Prozent der geografisch m\u00f6glichen Sonnenstunden. Das milde Klima im Winter und das auf Grund der Seelage angenehm frische Sommerklima garantieren einen immer w\u00e4hrenden Fr\u00fchling.<\/p>\n<h4>Die erste sichtbare Folge: eine \u00fcppige Flora, die viele G\u00e4rten und Parks unserer K\u00fcste schm\u00fcckt. Hier gedeihen nicht nur lokale Gew\u00e4chse, sondern auch B\u00e4ume aus Afrika und dem Orient f\u00fchlen sich unter der hiesigen Sonne zu Hause.<\/h4>\n<p>Doch warum? Als erstes fallen einem da die majest\u00e4tischen Berge ein, die so nah an der K\u00fcste gelegen die Region vor Nordwinden sch\u00fctzen. Das Massiv des Bignone liegt zum Beispiel nur 7 km von der K\u00fcste entfernt und ragt 1300 m hoch in den Himmel. Ein anderer Berg, der Caggio ist 1050 m hoch und liegt 4 km von der K\u00fcste entfernt. Der Ceppo ist 1660 m hoch und liegt 12 km weit weg w\u00e4hrend der Saccarello die 2000er Marke erreicht und 25 km weit im Land liegt.<br \/>\nKalte Luftmassen m\u00fcssen sich also \u00fcber diese \u201eAlpen-Apenninen\u201c w\u00e4lzen um Sanremo zu erreichen. Auf diesem Weg erw\u00e4rmen sie sich und trocknen aus &#8211; an der K\u00fcste kommen sie deshalb w\u00e4rmer und trockener an.<\/p>\n<p>Dabei muss man bedenken, dass die Westk\u00fcste ein ganz anderes Klima, andere Temperaturen und andere Niederschlagsmengen hat als die Ostk\u00fcste. Luftmassen werden in hier in Bergt\u00e4lern kanalisiert (typisch f\u00fcr die Gegend von Genua und Savona), die rechtwinklig zur See liegen und so die Nordwinde passieren lassen. Zwischen Imperia und Ventimiglia liegt nur ein solches Tal, das des Roya Flusses, das aber von hohen Bergen umschlossen wird &#8211; kalte Luft kommt hier nicht einmal an.<\/p>\n<p>Die zur Sonne hin ausgerichtete Lage ist das letzte Element warum sich das Klima der Blumenk\u00fcste so von dem strengeren Klima der Ostk\u00fcste und dessen Nachbarn, der toskanischen K\u00fcste, unterscheidet. Letztere liegt nach Nord-Westen und ist empf\u00e4nglicher f\u00fcr den \u201elibeccio\u201c ein feuchterer Wind als der &#8220;orientalische&#8221; Sirocco.<\/p>\n<p>Zum Schluss noch einige n\u00fctzliche Daten:<\/p>\n<table border=\"0\" width=\"100%\" cellspacing=\"1\" cellpadding=\"5\">\n<tbody>\n<tr>\n<td colspan=\"3\" align=\"center\" bgcolor=\"#BFC4DC\" width=\"100%\">Sanremo &#8211; Temperaturen und Niederschlag<\/td>\n<\/tr>\n<tr>\n<td bgcolor=\"#BFC4DC\" width=\"30%\"><\/td>\n<td bgcolor=\"#BFC4DC\" width=\"34%\">Durchschnittstemperatur (in \u00b0C)<\/td>\n<td bgcolor=\"#BFC4DC\" width=\"36%\">Niederschlag (mm)<\/td>\n<\/tr>\n<tr>\n<td bgcolor=\"#BFC4DC\" width=\"30%\">Januar<\/td>\n<td align=\"center\" bgcolor=\"#E1E4EB\" width=\"34%\">9.7<\/td>\n<td align=\"center\" bgcolor=\"#E1E4EB\" width=\"36%\">67<\/td>\n<\/tr>\n<tr>\n<td bgcolor=\"#BFC4DC\" width=\"30%\">Februar<\/td>\n<td align=\"center\" bgcolor=\"#E1E4EB\" width=\"34%\">10.0<\/td>\n<td align=\"center\" bgcolor=\"#E1E4EB\" width=\"36%\">56<\/td>\n<\/tr>\n<tr>\n<td bgcolor=\"#BFC4DC\" width=\"30%\">M\u00e4rz<\/td>\n<td align=\"center\" bgcolor=\"#E1E4EB\" width=\"34%\">12.1<\/td>\n<td align=\"center\" bgcolor=\"#E1E4EB\" width=\"36%\">61<\/td>\n<\/tr>\n<tr>\n<td bgcolor=\"#BFC4DC\" width=\"30%\">April<\/td>\n<td align=\"center\" bgcolor=\"#E1E4EB\" width=\"34%\">14.4<\/td>\n<td align=\"center\" bgcolor=\"#E1E4EB\" width=\"36%\">56<\/td>\n<\/tr>\n<tr>\n<td bgcolor=\"#BFC4DC\" width=\"30%\">Mai<\/td>\n<td align=\"center\" bgcolor=\"#E1E4EB\" width=\"34%\">17.6<\/td>\n<td align=\"center\" bgcolor=\"#E1E4EB\" width=\"36%\">46<\/td>\n<\/tr>\n<tr>\n<td bgcolor=\"#BFC4DC\" width=\"30%\">Juni<\/td>\n<td align=\"center\" bgcolor=\"#E1E4EB\" width=\"34%\">21.2<\/td>\n<td align=\"center\" bgcolor=\"#E1E4EB\" width=\"36%\">22<\/td>\n<\/tr>\n<tr>\n<td bgcolor=\"#BFC4DC\" width=\"30%\">Juli<\/td>\n<td align=\"center\" bgcolor=\"#E1E4EB\" width=\"34%\">23.4<\/td>\n<td align=\"center\" bgcolor=\"#E1E4EB\" width=\"36%\">14<\/td>\n<\/tr>\n<tr>\n<td bgcolor=\"#BFC4DC\" width=\"30%\">August<\/td>\n<td align=\"center\" bgcolor=\"#E1E4EB\" width=\"34%\">23.7<\/td>\n<td align=\"center\" bgcolor=\"#E1E4EB\" width=\"36%\">27<\/td>\n<\/tr>\n<tr>\n<td bgcolor=\"#BFC4DC\" width=\"30%\">September<\/td>\n<td align=\"center\" bgcolor=\"#E1E4EB\" width=\"34%\">21.8<\/td>\n<td align=\"center\" bgcolor=\"#E1E4EB\" width=\"36%\">47<\/td>\n<\/tr>\n<tr>\n<td bgcolor=\"#BFC4DC\" width=\"30%\">Oktober<\/td>\n<td align=\"center\" bgcolor=\"#E1E4EB\" width=\"34%\">17.9<\/td>\n<td align=\"center\" bgcolor=\"#E1E4EB\" width=\"36%\">88<\/td>\n<\/tr>\n<tr>\n<td bgcolor=\"#BFC4DC\" width=\"30%\">November<\/td>\n<td align=\"center\" bgcolor=\"#E1E4EB\" width=\"34%\">14.1<\/td>\n<td align=\"center\" bgcolor=\"#E1E4EB\" width=\"36%\">93<\/td>\n<\/tr>\n<tr>\n<td bgcolor=\"#BFC4DC\" width=\"30%\">Dezember<\/td>\n<td align=\"center\" bgcolor=\"#E1E4EB\" width=\"34%\">11.0<\/td>\n<td align=\"center\" bgcolor=\"#E1E4EB\" width=\"36%\">101<\/td>\n<\/tr>\n<tr>\n<td bgcolor=\"#BFC4DC\" width=\"30%\">J\u00e4hrlich<\/td>\n<td align=\"center\" bgcolor=\"#E1E4EB\" width=\"34%\">16.4<\/td>\n<td align=\"center\" bgcolor=\"#E1E4EB\" width=\"36%\">678<\/td>\n<\/tr>\n<tr>\n<td colspan=\"3\" align=\"center\" bgcolor=\"#BFC4DC\" width=\"100%\"><i>Jahresdurchschnittstemperatur: <\/i>16.4 \u00b0C<br \/>\n<i>Temperaturamplitude:<\/i> 14.0 \u00b0C<br \/>\n<i>J\u00e4hrlicher Niderschlag:<\/i> 678 mm<br \/>\n<i>Regentage:<\/i> 60.5<br \/>\n<i>Jahresdurchschnitt Frosttage:<\/i> 1<br \/>\n<i>Anzahl von Sonnenstunden pro Jahr:<\/i> 2.900<\/td>\n<\/tr>\n<\/tbody>\n<\/table>\n","protected":false},"excerpt":{"rendered":"<p>Klima und wetter in Sanremo Von Chateaubriand stammt der Satz: &#8220;Es gibt Klima, deren extreme Sinnlichkeit kann gef\u00e4hrlich f\u00fcr die Tugend sein&#8221;&#8230; &nbsp; Sanremo kann hier als bestes Beispiel dienen. Auf einem kleinen, nach S\u00fcd-Osten ausgerichteten St\u00fcck Erde gelegen, von Bergen sch\u00fctzend umarmt, verbinden sich hier Natur und Klima in einer einzigartigen Harmonie, die dem [&hellip;]<\/p>\n","protected":false},"author":3,"featured_media":1095,"parent":5805,"menu_order":30,"comment_status":"open","ping_status":"open","template":"","meta":{"_acf_changed":false,"footnotes":""},"class_list":["post-2161","page","type-page","status-publish","has-post-thumbnail","hentry"],"acf":[],"yoast_head":"<!-- This site is optimized with the Yoast SEO plugin v25.6 - https:\/\/yoast.com\/wordpress\/plugins\/seo\/ -->\n<title>Klima und wetter in Sanremo | Nyala Suite Hotel 4-Sterne-Hotel in San Remo<\/title>\n<meta name=\"robots\" content=\"noindex, follow, max-snippet:-1, max-image-preview:large, max-video-preview:-1\" \/>\n<meta property=\"og:locale\" content=\"de_DE\" \/>\n<meta property=\"og:type\" content=\"article\" \/>\n<meta property=\"og:title\" content=\"Klima und wetter in Sanremo | Nyala Suite Hotel 4-Sterne-Hotel in San Remo\" \/>\n<meta property=\"og:description\" content=\"Klima und wetter in Sanremo Von Chateaubriand stammt der Satz: &#8220;Es gibt Klima, deren extreme Sinnlichkeit kann gef\u00e4hrlich f\u00fcr die Tugend sein&#8221;&#8230; &nbsp; Sanremo kann hier als bestes Beispiel dienen. Auf einem kleinen, nach S\u00fcd-Osten ausgerichteten St\u00fcck Erde gelegen, von Bergen sch\u00fctzend umarmt, verbinden sich hier Natur und Klima in einer einzigartigen Harmonie, die dem [&hellip;]\" \/>\n<meta property=\"og:url\" content=\"https:\/\/nyala.info\/de\/tagesausfluege\/klima-und-wetter-sanremo\/\" \/>\n<meta property=\"og:site_name\" content=\"Nyala Suite Hotel\" \/>\n<meta property=\"article:modified_time\" content=\"2016-11-03T10:34:46+00:00\" \/>\n<meta property=\"og:image\" content=\"https:\/\/nyala.info\/wp-content\/uploads\/2015\/04\/sanremoimperatrice.jpg\" \/>\n\t<meta property=\"og:image:width\" content=\"992\" \/>\n\t<meta property=\"og:image:height\" content=\"661\" \/>\n\t<meta property=\"og:image:type\" content=\"image\/jpeg\" \/>\n<meta name=\"twitter:card\" content=\"summary_large_image\" \/>\n<meta name=\"twitter:label1\" content=\"Est. reading time\" \/>\n\t<meta name=\"twitter:data1\" content=\"3 minutes\" \/>\n<script type=\"application\/ld+json\" class=\"yoast-schema-graph\">{\"@context\":\"https:\/\/schema.org\",\"@graph\":[{\"@type\":\"WebPage\",\"@id\":\"https:\/\/nyala.info\/de\/tagesausfluege\/klima-und-wetter-sanremo\/\",\"url\":\"https:\/\/nyala.info\/de\/tagesausfluege\/klima-und-wetter-sanremo\/\",\"name\":\"Klima und wetter in Sanremo | Nyala Suite Hotel 4-Sterne-Hotel in San Remo\",\"isPartOf\":{\"@id\":\"https:\/\/nyala.info\/de\/#website\"},\"primaryImageOfPage\":{\"@id\":\"https:\/\/nyala.info\/de\/tagesausfluege\/klima-und-wetter-sanremo\/#primaryimage\"},\"image\":{\"@id\":\"https:\/\/nyala.info\/de\/tagesausfluege\/klima-und-wetter-sanremo\/#primaryimage\"},\"thumbnailUrl\":\"https:\/\/nyala.info\/wp-content\/uploads\/2015\/04\/sanremoimperatrice.jpg\",\"datePublished\":\"2016-10-18T17:32:58+00:00\",\"dateModified\":\"2016-11-03T10:34:46+00:00\",\"breadcrumb\":{\"@id\":\"https:\/\/nyala.info\/de\/tagesausfluege\/klima-und-wetter-sanremo\/#breadcrumb\"},\"inLanguage\":\"de-DE\",\"potentialAction\":[{\"@type\":\"ReadAction\",\"target\":[\"https:\/\/nyala.info\/de\/tagesausfluege\/klima-und-wetter-sanremo\/\"]}]},{\"@type\":\"ImageObject\",\"inLanguage\":\"de-DE\",\"@id\":\"https:\/\/nyala.info\/de\/tagesausfluege\/klima-und-wetter-sanremo\/#primaryimage\",\"url\":\"https:\/\/nyala.info\/wp-content\/uploads\/2015\/04\/sanremoimperatrice.jpg\",\"contentUrl\":\"https:\/\/nyala.info\/wp-content\/uploads\/2015\/04\/sanremoimperatrice.jpg\",\"width\":992,\"height\":661,\"caption\":\"Vacanza a Sanremo, clima sanremo, klima und wetter in sanremo\"},{\"@type\":\"BreadcrumbList\",\"@id\":\"https:\/\/nyala.info\/de\/tagesausfluege\/klima-und-wetter-sanremo\/#breadcrumb\",\"itemListElement\":[{\"@type\":\"ListItem\",\"position\":1,\"name\":\"Home\",\"item\":\"https:\/\/nyala.info\/de\/\"},{\"@type\":\"ListItem\",\"position\":2,\"name\":\"Tagesausfl\u00fcge: Die Riviera in 7 Tage\",\"item\":\"https:\/\/nyala.info\/de\/tagesausfluege\/\"},{\"@type\":\"ListItem\",\"position\":3,\"name\":\"Klima und wetter in Sanremo\"}]},{\"@type\":\"WebSite\",\"@id\":\"https:\/\/nyala.info\/de\/#website\",\"url\":\"https:\/\/nyala.info\/de\/\",\"name\":\"Nyala Suite Hotel\",\"description\":\"4-Sterne-Hotel in San Remo\",\"potentialAction\":[{\"@type\":\"SearchAction\",\"target\":{\"@type\":\"EntryPoint\",\"urlTemplate\":\"https:\/\/nyala.info\/de\/?s={search_term_string}\"},\"query-input\":{\"@type\":\"PropertyValueSpecification\",\"valueRequired\":true,\"valueName\":\"search_term_string\"}}],\"inLanguage\":\"de-DE\"}]}<\/script>\n<!-- \/ Yoast SEO plugin. -->","yoast_head_json":{"title":"Klima und wetter in Sanremo | Nyala Suite Hotel 4-Sterne-Hotel in San Remo","robots":{"index":"noindex","follow":"follow","max-snippet":"max-snippet:-1","max-image-preview":"max-image-preview:large","max-video-preview":"max-video-preview:-1"},"og_locale":"de_DE","og_type":"article","og_title":"Klima und wetter in Sanremo | Nyala Suite Hotel 4-Sterne-Hotel in San Remo","og_description":"Klima und wetter in Sanremo Von Chateaubriand stammt der Satz: &#8220;Es gibt Klima, deren extreme Sinnlichkeit kann gef\u00e4hrlich f\u00fcr die Tugend sein&#8221;&#8230; &nbsp; Sanremo kann hier als bestes Beispiel dienen. Auf einem kleinen, nach S\u00fcd-Osten ausgerichteten St\u00fcck Erde gelegen, von Bergen sch\u00fctzend umarmt, verbinden sich hier Natur und Klima in einer einzigartigen Harmonie, die dem [&hellip;]","og_url":"https:\/\/nyala.info\/de\/tagesausfluege\/klima-und-wetter-sanremo\/","og_site_name":"Nyala Suite Hotel","article_modified_time":"2016-11-03T10:34:46+00:00","og_image":[{"width":992,"height":661,"url":"https:\/\/nyala.info\/wp-content\/uploads\/2015\/04\/sanremoimperatrice.jpg","type":"image\/jpeg"}],"twitter_card":"summary_large_image","twitter_misc":{"Est. reading time":"3 minutes"},"schema":{"@context":"https:\/\/schema.org","@graph":[{"@type":"WebPage","@id":"https:\/\/nyala.info\/de\/tagesausfluege\/klima-und-wetter-sanremo\/","url":"https:\/\/nyala.info\/de\/tagesausfluege\/klima-und-wetter-sanremo\/","name":"Klima und wetter in Sanremo | Nyala Suite Hotel 4-Sterne-Hotel in San Remo","isPartOf":{"@id":"https:\/\/nyala.info\/de\/#website"},"primaryImageOfPage":{"@id":"https:\/\/nyala.info\/de\/tagesausfluege\/klima-und-wetter-sanremo\/#primaryimage"},"image":{"@id":"https:\/\/nyala.info\/de\/tagesausfluege\/klima-und-wetter-sanremo\/#primaryimage"},"thumbnailUrl":"https:\/\/nyala.info\/wp-content\/uploads\/2015\/04\/sanremoimperatrice.jpg","datePublished":"2016-10-18T17:32:58+00:00","dateModified":"2016-11-03T10:34:46+00:00","breadcrumb":{"@id":"https:\/\/nyala.info\/de\/tagesausfluege\/klima-und-wetter-sanremo\/#breadcrumb"},"inLanguage":"de-DE","potentialAction":[{"@type":"ReadAction","target":["https:\/\/nyala.info\/de\/tagesausfluege\/klima-und-wetter-sanremo\/"]}]},{"@type":"ImageObject","inLanguage":"de-DE","@id":"https:\/\/nyala.info\/de\/tagesausfluege\/klima-und-wetter-sanremo\/#primaryimage","url":"https:\/\/nyala.info\/wp-content\/uploads\/2015\/04\/sanremoimperatrice.jpg","contentUrl":"https:\/\/nyala.info\/wp-content\/uploads\/2015\/04\/sanremoimperatrice.jpg","width":992,"height":661,"caption":"Vacanza a Sanremo, clima sanremo, klima und wetter in sanremo"},{"@type":"BreadcrumbList","@id":"https:\/\/nyala.info\/de\/tagesausfluege\/klima-und-wetter-sanremo\/#breadcrumb","itemListElement":[{"@type":"ListItem","position":1,"name":"Home","item":"https:\/\/nyala.info\/de\/"},{"@type":"ListItem","position":2,"name":"Tagesausfl\u00fcge: Die Riviera in 7 Tage","item":"https:\/\/nyala.info\/de\/tagesausfluege\/"},{"@type":"ListItem","position":3,"name":"Klima und wetter in Sanremo"}]},{"@type":"WebSite","@id":"https:\/\/nyala.info\/de\/#website","url":"https:\/\/nyala.info\/de\/","name":"Nyala Suite Hotel","description":"4-Sterne-Hotel in San Remo","potentialAction":[{"@type":"SearchAction","target":{"@type":"EntryPoint","urlTemplate":"https:\/\/nyala.info\/de\/?s={search_term_string}"},"query-input":{"@type":"PropertyValueSpecification","valueRequired":true,"valueName":"search_term_string"}}],"inLanguage":"de-DE"}]}},"_links":{"self":[{"href":"https:\/\/nyala.info\/de\/wp-json\/wp\/v2\/pages\/2161"}],"collection":[{"href":"https:\/\/nyala.info\/de\/wp-json\/wp\/v2\/pages"}],"about":[{"href":"https:\/\/nyala.info\/de\/wp-json\/wp\/v2\/types\/page"}],"author":[{"embeddable":true,"href":"https:\/\/nyala.info\/de\/wp-json\/wp\/v2\/users\/3"}],"replies":[{"embeddable":true,"href":"https:\/\/nyala.info\/de\/wp-json\/wp\/v2\/comments?post=2161"}],"version-history":[{"count":3,"href":"https:\/\/nyala.info\/de\/wp-json\/wp\/v2\/pages\/2161\/revisions"}],"predecessor-version":[{"id":2260,"href":"https:\/\/nyala.info\/de\/wp-json\/wp\/v2\/pages\/2161\/revisions\/2260"}],"up":[{"embeddable":true,"href":"https:\/\/nyala.info\/de\/wp-json\/wp\/v2\/pages\/5805"}],"wp:featuredmedia":[{"embeddable":true,"href":"https:\/\/nyala.info\/de\/wp-json\/wp\/v2\/media\/1095"}],"wp:attachment":[{"href":"https:\/\/nyala.info\/de\/wp-json\/wp\/v2\/media?parent=2161"}],"curies":[{"name":"wp","href":"https:\/\/api.w.org\/{rel}","templated":true}]}}