{"id":2158,"date":"2016-10-18T19:25:25","date_gmt":"2016-10-18T17:25:25","guid":{"rendered":"http:\/\/www.nyalahotel.biz\/de\/?page_id=2158"},"modified":"2018-12-28T15:41:52","modified_gmt":"2018-12-28T14:41:52","slug":"karneval-franzoesischen-riviera","status":"publish","type":"page","link":"https:\/\/nyala.info\/de\/angebote\/grossen-events\/karneval-franzoesischen-riviera\/","title":{"rendered":"Karneval franz\u00f6sischen Riviera"},"content":{"rendered":"<h2>Karneval franz\u00f6sischen Riviera<\/h2>\n<p>Reservieren sie jetzt ein Zimmer in unserem 4 Sterne Hotel in San Remo, um an den Karnevalsumz\u00fcgen in Nizza und dem Zitronenfest in Menton teilzuhaben.<\/p>\n<p>&nbsp;<\/p>\n<ul class=\"tabs\">\n<li class=\"tab-link current\" data-tab=\"tab-1\">Buchen<\/li>\n<li class=\"tab-link\" data-tab=\"tab-2\">Unser Angebot umfasst<\/li>\n<li class=\"tab-link\" data-tab=\"tab-3\">Buchungsbedingungen<\/li>\n<\/ul>\n<div id=\"tab-1\" class=\"tab-content current\">\n<p>Der Karneval an der Cote d\u2019Azur ist auf der ganzen Welt f\u00fcr seine bunten W\u00e4gen in Nizza, und das traditionelle Zitronenfest in Menton bekannt. San Remo eignet sich perfekt f\u00fcr ihren Aufenthalt, da es fernab des Trubels liegt und dennoch zentral genug um schnell mit dem Zug oder dem Auto an die franz\u00f6sische Riviera zu gelangen.<\/p>\n<a class=\"maxbutton-16 maxbutton maxbutton-buchen\" target=\"_blank\" rel=\"noopener\" href=\"http:\/\/www.nyalahotel.com\/de\/jetzt-buchen\/\"><span class='mb-text'>Buchen<\/span><\/a>\n<\/div>\n<div id=\"tab-2\" class=\"tab-content\">\n<p>Im Angebot enthalten:<\/p>\n<ul>\n<li>\n<p>\u201eL\u00e4nger bleiben \u2013 weniger zahlen!&#8221;:ab einer bestimmten Aufenthaltsdauer erhalten Sie eine kostenlose \u00dcbernachtung<\/p>\n<\/li>\n<\/ul>\n<ul>\n<li>\n<p lang=\"de-DE\">Bis zu 2 Kinder k\u00f6nnen kostenlos im Zimmer der Eltern \u00fcbernachten!<\/p>\n<\/li>\n<li>\n<p lang=\"de-DE\">Auch ihre Vierbeiner sind erlaubt, und \u00fcbernachten bei uns kostenlos!<\/p>\n<p style=\"margin-bottom: 0cm;\">Halbpension:<\/p>\n<\/li>\n<\/ul>\n<ul>\n<li>\n<p style=\"margin-bottom: 0cm;\">Fr\u00fchst\u00fccksbuffet<\/p>\n<\/li>\n<li>\n<p lang=\"de-DE\" style=\"margin-bottom: 0cm;\">Abendessen nach dem Tagesmen\u00fc<\/p>\n<\/li>\n<\/ul>\n<p style=\"margin-bottom: 0cm;\">Au\u00dfderdem enthalten:<\/p>\n<ul>\n<li>\n<p style=\"margin-bottom: 0cm;\">Transfers zum und vom Bahnhof<\/p>\n<\/li>\n<li>\n<p lang=\"de-DE\">Privater Parkplatz, je nach Verf\u00fcgbarkeit.<\/p>\n<\/li>\n<li>\n<p lang=\"de-DE\" style=\"margin-bottom: 0cm;\">Ein Coupon f\u00fcr Spielchips im st\u00e4dtischen Kasino. Fordern Sie Fortuna herraus!<\/p>\n<\/li>\n<\/ul>\n<\/div>\n<div id=\"tab-3\" class=\"tab-content\">\n<h4 class=\"small\">BUCHUNGSBEDINGUNGEN<\/h4>\n<p class=\"small\">Minimale Aufentaltsdauer: 2 Nacht.<br \/>\nMaximale Aufenthaltsdauer: 8 N\u00e4chte.<br \/>\nDieses Angebot gilt nur f\u00fcr Online-Buchungen und ist nur f\u00fcr eine begrenzte Anzahl von Zimmern verf\u00fcgbar.<br \/>\nDieses Angebot gilt nur w\u00e4hrend der Veranstaltungszeit.<br \/>\nAlle vorgestellten Rabatte werden automatisch von unserem Buchungssystem berechnet.<br \/>\nDieses Angebot kann ohne Vorank\u00fcndigung ge\u00e4ndert werden.<br \/>\nKaution: 25%, Minimum, oder eine \u00dcbernachtung.<br \/>\nKostenlose Stornierung und Modifikation bis zu 3 Tage vor Beginn des Aufenthalts.<br \/>\nStrafe f\u00fcr die versp\u00e4tete Stornierung und \u00c4nderung, Nichterscheinen, vorzeitiger Abreise: 100%.<\/p>\n<\/div>\n<p><!-- container --><br \/>\n<script type=\"text\/javascript\">\n\tjQuery(document).ready(function(){\t\n\tjQuery('ul.tabs li').click(function(){\n\t\tvar tab_id = jQuery(this).attr('data-tab');\n\t\tjQuery('ul.tabs li').removeClass('current');\n\t\tjQuery('.tab-content').removeClass('current');\n\t\tjQuery(this).addClass('current');\n\t\tjQuery(\"#\"+tab_id).addClass('current');\n\t})\n})\n<\/script><\/p>\n","protected":false},"excerpt":{"rendered":"<p>Karneval franz\u00f6sischen Riviera Reservieren sie jetzt ein Zimmer in unserem 4 Sterne Hotel in San Remo, um an den Karnevalsumz\u00fcgen in Nizza und dem Zitronenfest in Menton teilzuhaben. &nbsp; Buchen Unser Angebot umfasst Buchungsbedingungen Der Karneval an der Cote d\u2019Azur ist auf der ganzen Welt f\u00fcr seine bunten W\u00e4gen in Nizza, und das traditionelle Zitronenfest [&hellip;]<\/p>\n","protected":false},"author":3,"featured_media":1084,"parent":4968,"menu_order":23,"comment_status":"open","ping_status":"closed","template":"","meta":{"_acf_changed":false,"footnotes":""},"class_list":["post-2158","page","type-page","status-publish","has-post-thumbnail","hentry"],"acf":[],"yoast_head":"<!-- This site is optimized with the Yoast SEO plugin v25.6 - https:\/\/yoast.com\/wordpress\/plugins\/seo\/ -->\n<title>Karneval franz\u00f6sischen Riviera | Nyala Suite Hotel 4-Sterne-Hotel in San Remo<\/title>\n<meta name=\"description\" content=\"Karneval franz\u00f6sischen Riviera - Reservieren sie jetzt ein Zimmer in unserem 4 Sterne Hotel in San Remo, um an den Karnevalsumz\u00fcgen\" \/>\n<meta name=\"robots\" content=\"noindex, follow, max-snippet:-1, max-image-preview:large, max-video-preview:-1\" \/>\n<meta property=\"og:locale\" content=\"de_DE\" \/>\n<meta property=\"og:type\" content=\"article\" \/>\n<meta property=\"og:title\" content=\"Karneval franz\u00f6sischen Riviera | Nyala Suite Hotel 4-Sterne-Hotel in San Remo\" \/>\n<meta property=\"og:description\" content=\"Karneval franz\u00f6sischen Riviera - Reservieren sie jetzt ein Zimmer in unserem 4 Sterne Hotel in San Remo, um an den Karnevalsumz\u00fcgen\" \/>\n<meta property=\"og:url\" content=\"https:\/\/nyala.info\/de\/angebote\/grossen-events\/karneval-franzoesischen-riviera\/\" \/>\n<meta property=\"og:site_name\" content=\"Nyala Suite Hotel\" \/>\n<meta property=\"article:modified_time\" content=\"2018-12-28T14:41:52+00:00\" \/>\n<meta property=\"og:image\" content=\"https:\/\/nyala.info\/wp-content\/uploads\/2015\/04\/carnevalefrench.jpg\" \/>\n\t<meta property=\"og:image:width\" content=\"1620\" \/>\n\t<meta property=\"og:image:height\" content=\"1080\" \/>\n\t<meta property=\"og:image:type\" content=\"image\/jpeg\" \/>\n<meta name=\"twitter:card\" content=\"summary_large_image\" \/>\n<meta name=\"twitter:label1\" content=\"Est. reading time\" \/>\n\t<meta name=\"twitter:data1\" content=\"1 minute\" \/>\n<script type=\"application\/ld+json\" class=\"yoast-schema-graph\">{\"@context\":\"https:\/\/schema.org\",\"@graph\":[{\"@type\":\"WebPage\",\"@id\":\"https:\/\/nyala.info\/de\/angebote\/grossen-events\/karneval-franzoesischen-riviera\/\",\"url\":\"https:\/\/nyala.info\/de\/angebote\/grossen-events\/karneval-franzoesischen-riviera\/\",\"name\":\"Karneval franz\u00f6sischen Riviera | Nyala Suite Hotel 4-Sterne-Hotel in San Remo\",\"isPartOf\":{\"@id\":\"https:\/\/nyala.info\/de\/#website\"},\"primaryImageOfPage\":{\"@id\":\"https:\/\/nyala.info\/de\/angebote\/grossen-events\/karneval-franzoesischen-riviera\/#primaryimage\"},\"image\":{\"@id\":\"https:\/\/nyala.info\/de\/angebote\/grossen-events\/karneval-franzoesischen-riviera\/#primaryimage\"},\"thumbnailUrl\":\"https:\/\/nyala.info\/wp-content\/uploads\/2015\/04\/carnevalefrench.jpg\",\"datePublished\":\"2016-10-18T17:25:25+00:00\",\"dateModified\":\"2018-12-28T14:41:52+00:00\",\"description\":\"Karneval franz\u00f6sischen Riviera - Reservieren sie jetzt ein Zimmer in unserem 4 Sterne Hotel in San Remo, um an den Karnevalsumz\u00fcgen\",\"breadcrumb\":{\"@id\":\"https:\/\/nyala.info\/de\/angebote\/grossen-events\/karneval-franzoesischen-riviera\/#breadcrumb\"},\"inLanguage\":\"de-DE\",\"potentialAction\":[{\"@type\":\"ReadAction\",\"target\":[\"https:\/\/nyala.info\/de\/angebote\/grossen-events\/karneval-franzoesischen-riviera\/\"]}]},{\"@type\":\"ImageObject\",\"inLanguage\":\"de-DE\",\"@id\":\"https:\/\/nyala.info\/de\/angebote\/grossen-events\/karneval-franzoesischen-riviera\/#primaryimage\",\"url\":\"https:\/\/nyala.info\/wp-content\/uploads\/2015\/04\/carnevalefrench.jpg\",\"contentUrl\":\"https:\/\/nyala.info\/wp-content\/uploads\/2015\/04\/carnevalefrench.jpg\",\"width\":1620,\"height\":1080,\"caption\":\"carnival nice, karneval, \u041a\u0430\u0440\u043d\u0430\u0432\u0430\u043b\"},{\"@type\":\"BreadcrumbList\",\"@id\":\"https:\/\/nyala.info\/de\/angebote\/grossen-events\/karneval-franzoesischen-riviera\/#breadcrumb\",\"itemListElement\":[{\"@type\":\"ListItem\",\"position\":1,\"name\":\"Home\",\"item\":\"https:\/\/nyala.info\/de\/\"},{\"@type\":\"ListItem\",\"position\":2,\"name\":\"ANGEBOTE\",\"item\":\"https:\/\/nyala.info\/de\/angebote\/\"},{\"@type\":\"ListItem\",\"position\":3,\"name\":\"Gro\u00dfe Veranstaltungen\",\"item\":\"https:\/\/nyala.info\/de\/angebote\/grossen-events\/\"},{\"@type\":\"ListItem\",\"position\":4,\"name\":\"Karneval franz\u00f6sischen Riviera\"}]},{\"@type\":\"WebSite\",\"@id\":\"https:\/\/nyala.info\/de\/#website\",\"url\":\"https:\/\/nyala.info\/de\/\",\"name\":\"Nyala Suite Hotel\",\"description\":\"4-Sterne-Hotel in San Remo\",\"potentialAction\":[{\"@type\":\"SearchAction\",\"target\":{\"@type\":\"EntryPoint\",\"urlTemplate\":\"https:\/\/nyala.info\/de\/?s={search_term_string}\"},\"query-input\":{\"@type\":\"PropertyValueSpecification\",\"valueRequired\":true,\"valueName\":\"search_term_string\"}}],\"inLanguage\":\"de-DE\"}]}<\/script>\n<!-- \/ Yoast SEO plugin. -->","yoast_head_json":{"title":"Karneval franz\u00f6sischen Riviera | Nyala Suite Hotel 4-Sterne-Hotel in San Remo","description":"Karneval franz\u00f6sischen Riviera - Reservieren sie jetzt ein Zimmer in unserem 4 Sterne Hotel in San Remo, um an den Karnevalsumz\u00fcgen","robots":{"index":"noindex","follow":"follow","max-snippet":"max-snippet:-1","max-image-preview":"max-image-preview:large","max-video-preview":"max-video-preview:-1"},"og_locale":"de_DE","og_type":"article","og_title":"Karneval franz\u00f6sischen Riviera | Nyala Suite Hotel 4-Sterne-Hotel in San Remo","og_description":"Karneval franz\u00f6sischen Riviera - Reservieren sie jetzt ein Zimmer in unserem 4 Sterne Hotel in San Remo, um an den Karnevalsumz\u00fcgen","og_url":"https:\/\/nyala.info\/de\/angebote\/grossen-events\/karneval-franzoesischen-riviera\/","og_site_name":"Nyala Suite Hotel","article_modified_time":"2018-12-28T14:41:52+00:00","og_image":[{"width":1620,"height":1080,"url":"https:\/\/nyala.info\/wp-content\/uploads\/2015\/04\/carnevalefrench.jpg","type":"image\/jpeg"}],"twitter_card":"summary_large_image","twitter_misc":{"Est. reading time":"1 minute"},"schema":{"@context":"https:\/\/schema.org","@graph":[{"@type":"WebPage","@id":"https:\/\/nyala.info\/de\/angebote\/grossen-events\/karneval-franzoesischen-riviera\/","url":"https:\/\/nyala.info\/de\/angebote\/grossen-events\/karneval-franzoesischen-riviera\/","name":"Karneval franz\u00f6sischen Riviera | Nyala Suite Hotel 4-Sterne-Hotel in San Remo","isPartOf":{"@id":"https:\/\/nyala.info\/de\/#website"},"primaryImageOfPage":{"@id":"https:\/\/nyala.info\/de\/angebote\/grossen-events\/karneval-franzoesischen-riviera\/#primaryimage"},"image":{"@id":"https:\/\/nyala.info\/de\/angebote\/grossen-events\/karneval-franzoesischen-riviera\/#primaryimage"},"thumbnailUrl":"https:\/\/nyala.info\/wp-content\/uploads\/2015\/04\/carnevalefrench.jpg","datePublished":"2016-10-18T17:25:25+00:00","dateModified":"2018-12-28T14:41:52+00:00","description":"Karneval franz\u00f6sischen Riviera - Reservieren sie jetzt ein Zimmer in unserem 4 Sterne Hotel in San Remo, um an den Karnevalsumz\u00fcgen","breadcrumb":{"@id":"https:\/\/nyala.info\/de\/angebote\/grossen-events\/karneval-franzoesischen-riviera\/#breadcrumb"},"inLanguage":"de-DE","potentialAction":[{"@type":"ReadAction","target":["https:\/\/nyala.info\/de\/angebote\/grossen-events\/karneval-franzoesischen-riviera\/"]}]},{"@type":"ImageObject","inLanguage":"de-DE","@id":"https:\/\/nyala.info\/de\/angebote\/grossen-events\/karneval-franzoesischen-riviera\/#primaryimage","url":"https:\/\/nyala.info\/wp-content\/uploads\/2015\/04\/carnevalefrench.jpg","contentUrl":"https:\/\/nyala.info\/wp-content\/uploads\/2015\/04\/carnevalefrench.jpg","width":1620,"height":1080,"caption":"carnival nice, karneval, \u041a\u0430\u0440\u043d\u0430\u0432\u0430\u043b"},{"@type":"BreadcrumbList","@id":"https:\/\/nyala.info\/de\/angebote\/grossen-events\/karneval-franzoesischen-riviera\/#breadcrumb","itemListElement":[{"@type":"ListItem","position":1,"name":"Home","item":"https:\/\/nyala.info\/de\/"},{"@type":"ListItem","position":2,"name":"ANGEBOTE","item":"https:\/\/nyala.info\/de\/angebote\/"},{"@type":"ListItem","position":3,"name":"Gro\u00dfe Veranstaltungen","item":"https:\/\/nyala.info\/de\/angebote\/grossen-events\/"},{"@type":"ListItem","position":4,"name":"Karneval franz\u00f6sischen Riviera"}]},{"@type":"WebSite","@id":"https:\/\/nyala.info\/de\/#website","url":"https:\/\/nyala.info\/de\/","name":"Nyala Suite Hotel","description":"4-Sterne-Hotel in San Remo","potentialAction":[{"@type":"SearchAction","target":{"@type":"EntryPoint","urlTemplate":"https:\/\/nyala.info\/de\/?s={search_term_string}"},"query-input":{"@type":"PropertyValueSpecification","valueRequired":true,"valueName":"search_term_string"}}],"inLanguage":"de-DE"}]}},"_links":{"self":[{"href":"https:\/\/nyala.info\/de\/wp-json\/wp\/v2\/pages\/2158"}],"collection":[{"href":"https:\/\/nyala.info\/de\/wp-json\/wp\/v2\/pages"}],"about":[{"href":"https:\/\/nyala.info\/de\/wp-json\/wp\/v2\/types\/page"}],"author":[{"embeddable":true,"href":"https:\/\/nyala.info\/de\/wp-json\/wp\/v2\/users\/3"}],"replies":[{"embeddable":true,"href":"https:\/\/nyala.info\/de\/wp-json\/wp\/v2\/comments?post=2158"}],"version-history":[{"count":8,"href":"https:\/\/nyala.info\/de\/wp-json\/wp\/v2\/pages\/2158\/revisions"}],"predecessor-version":[{"id":7485,"href":"https:\/\/nyala.info\/de\/wp-json\/wp\/v2\/pages\/2158\/revisions\/7485"}],"up":[{"embeddable":true,"href":"https:\/\/nyala.info\/de\/wp-json\/wp\/v2\/pages\/4968"}],"wp:featuredmedia":[{"embeddable":true,"href":"https:\/\/nyala.info\/de\/wp-json\/wp\/v2\/media\/1084"}],"wp:attachment":[{"href":"https:\/\/nyala.info\/de\/wp-json\/wp\/v2\/media?parent=2158"}],"curies":[{"name":"wp","href":"https:\/\/api.w.org\/{rel}","templated":true}]}}