{"id":2153,"date":"2016-10-18T19:20:26","date_gmt":"2016-10-18T17:20:26","guid":{"rendered":"http:\/\/www.nyalahotel.biz\/de\/?page_id=2153"},"modified":"2018-12-27T14:55:00","modified_gmt":"2018-12-27T13:55:00","slug":"silvester-san-remo","status":"publish","type":"page","link":"https:\/\/nyala.info\/de\/angebote\/urlaub\/silvester-san-remo\/","title":{"rendered":"Silvester in San Remo"},"content":{"rendered":"<h2 style=\"text-align: center;\"><strong>Silvester in San Remo<\/strong><\/h2>\n<p style=\"text-align: center;\">Reservieren sie einen Aufenthalt in unserem Hotel in San Remo zu Silvester und geniessen sie die Vorz\u00fcge unseres modernen Hotels in Ligurien.<\/p>\n<p style=\"text-align: center;\">Lassen sie sich von der ewigen Pracht der Riviera verzaubern, und erleben sie einen unvergesslichen Abend in San Remo.<\/p>\n<ul class=\"tabs\">\n<li class=\"tab-link current\" data-tab=\"tab-1\">Buchen<\/li>\n<li class=\"tab-link\" data-tab=\"tab-2\">Im Angebot enthalten<\/li>\n<li class=\"tab-link\" data-tab=\"tab-3\">Buchungsbedingungen<\/li>\n<\/ul>\n<div id=\"tab-1\" class=\"tab-content current\">\n<p style=\"text-align: justify;\">Hier stellen wir Ihnen das Urlaubs-Programm 2018\/2019 vor:<\/p>\n<ul>\n<li>Sonntag, 31. Dezember 2018: Silvester-Party mit Live-Musik.<\/li>\n<li>Montag, 1. Januar 2019: Neujahrs-Abendessen<\/li>\n<\/ul>\n<a class=\"maxbutton-16 maxbutton maxbutton-buchen\" target=\"_blank\" rel=\"noopener\" href=\"http:\/\/www.nyalahotel.com\/de\/jetzt-buchen\/\"><span class='mb-text'>Buchen<\/span><\/a>\n<\/div>\n<div id=\"tab-2\" class=\"tab-content\">\n<p style=\"text-align: justify;\">Im Angebot enthalten:<\/p>\n<ul>\n<li>Halbpension<\/li>\n<li>Silvester-Party mit Live-Musik und Getr\u00e4nken inklusive<\/li>\n<li>Formel 7&#215;6 = bleibe 7 N\u00e4chte und zahle nur f\u00fcr 6!<\/li>\n<\/ul>\n<p>Inbegriffene Leistungen:<\/p>\n<ul>\n<li>\n<p lang=\"de-DE\">VIP-Willkommensgeschenk: Bei Ihrer Ankunft werden Sie eine Flasche Sekt und ein duftendes Blumenbouqet vorfinden.<\/p>\n<\/li>\n<li>\n<p lang=\"de-DE\">Privater Parkplatz, je nach Verf\u00fcgbarkeit.<\/p>\n<\/li>\n<\/ul>\n<ul style=\"text-align: justify;\">\n<li>\n<p lang=\"de-DE\">Ein Gutschein f\u00fcr Spielchips, damit Sie Ihr Gl\u00fcck im \u00f6rtlichen Kasino versuchen k\u00f6nnen.<\/p>\n<\/li>\n<\/ul>\n<p>Familientarife:<\/p>\n<ul>\n<li>Eine Baby-Ausstattung (Kinderbett, Wickeltisch, Babywanne, etc.) ist kostenlos verf\u00fcgbar (im Voraus buchen).<\/li>\n<li>Das erste Kind unter 13 Jahren schl\u00e4ft umsonst, wenn es das Zimmer mit den Eltern teilt.<\/li>\n<li>Bis zu 2 Kinder unter 18 zahlen nur 50%, wenn sie sich das Zimmer mit den Eltern teilen.<\/li>\n<li>Spielplatz mit Spielen ganzt\u00e4gig verf\u00fcgbar.<\/li>\n<li>Kochnische f\u00fcr das Vorbereiten von Mahlzeiten 24 Stunden am Tag zug\u00e4nglich.<\/li>\n<li>Miniclub mit Helfern von 17 Uhr bis Mitternacht im Juli und August.<\/li>\n<\/ul>\n<\/div>\n<div id=\"tab-3\" class=\"tab-content\">\n<p>Buchungsbedingungen<\/p>\n<ul>\n<li>Minimale Aufenthaltsdauer: 2 N\u00e4chte.<\/li>\n<li>Maximale Aufenthaltsdauer: unbegrenzt.<\/li>\n<li>Dieses Angebot gilt nur f\u00fcr Online-Buchungen und ist nur f\u00fcr eine begrenzte Anzahl von Zimmern verf\u00fcgbar.<\/li>\n<li>Alle angebotenen Rabatte werden automatisch von unserem Buchungssystem berechnet.<\/li>\n<li>Dieses Angebot kann ohne Vorank\u00fcndigung ge\u00e4ndert werden.<\/li>\n<li>In jedem Fall gelten die von unserem Buchungssystem vorgeschlagenen Endpreise<\/li>\n<li>Kaution: 25%, Minimum, bei mindestens 1 \u00dcbernachtung.<\/li>\n<li>Kostenlose Stornierung und Um\u00e4nderung bis zu 7 Tage vor Beginn des Aufenthalts.<\/li>\n<li>Strafe f\u00fcr die versp\u00e4tete Stornierung und \u00c4nderung, Nichterscheinen, vorzeitiger Abreise: 100%.<\/li>\n<\/ul>\n<\/div>\n<p><!-- container --><br \/>\n<script type=\"text\/javascript\">\n\tjQuery(document).ready(function(){\t\n\tjQuery('ul.tabs li').click(function(){\n\t\tvar tab_id = jQuery(this).attr('data-tab');\n\t\tjQuery('ul.tabs li').removeClass('current');\n\t\tjQuery('.tab-content').removeClass('current');\n\t\tjQuery(this).addClass('current');\n\t\tjQuery(\"#\"+tab_id).addClass('current');\n\t})\n})\n<\/script><\/p>\n","protected":false},"excerpt":{"rendered":"<p>Silvester in San Remo Reservieren sie einen Aufenthalt in unserem Hotel in San Remo zu Silvester und geniessen sie die Vorz\u00fcge unseres modernen Hotels in Ligurien. Lassen sie sich von der ewigen Pracht der Riviera verzaubern, und erleben sie einen unvergesslichen Abend in San Remo. Buchen Im Angebot enthalten Buchungsbedingungen Hier stellen wir Ihnen das [&hellip;]<\/p>\n","protected":false},"author":3,"featured_media":1118,"parent":4987,"menu_order":0,"comment_status":"open","ping_status":"open","template":"","meta":{"_acf_changed":false,"footnotes":""},"class_list":["post-2153","page","type-page","status-publish","has-post-thumbnail","hentry"],"acf":[],"yoast_head":"<!-- This site is optimized with the Yoast SEO plugin v25.6 - https:\/\/yoast.com\/wordpress\/plugins\/seo\/ -->\n<title>Silvester in San Remo | Nyala Suite Hotel 4-Sterne-Hotel in San Remo<\/title>\n<meta name=\"description\" content=\"Silvester in San Remo - Reservieren sie einen Aufenthalt in unserem Hotel in San Remo zu Silvester und geniessen sie die Vorz\u00fcge unseres modernen Hotels\" \/>\n<meta name=\"robots\" content=\"noindex, follow, max-snippet:-1, max-image-preview:large, max-video-preview:-1\" \/>\n<meta property=\"og:locale\" content=\"de_DE\" \/>\n<meta property=\"og:type\" content=\"article\" \/>\n<meta property=\"og:title\" content=\"Silvester in San Remo | Nyala Suite Hotel 4-Sterne-Hotel in San Remo\" \/>\n<meta property=\"og:description\" content=\"Silvester in San Remo - Reservieren sie einen Aufenthalt in unserem Hotel in San Remo zu Silvester und geniessen sie die Vorz\u00fcge unseres modernen Hotels\" \/>\n<meta property=\"og:url\" content=\"https:\/\/nyala.info\/de\/angebote\/urlaub\/silvester-san-remo\/\" \/>\n<meta property=\"og:site_name\" content=\"Nyala Suite Hotel\" \/>\n<meta property=\"article:modified_time\" content=\"2018-12-27T13:55:00+00:00\" \/>\n<meta property=\"og:image\" content=\"https:\/\/nyala.info\/wp-content\/uploads\/2016\/08\/IMG_3622.jpg\" \/>\n\t<meta property=\"og:image:width\" content=\"1620\" \/>\n\t<meta property=\"og:image:height\" content=\"1080\" \/>\n\t<meta property=\"og:image:type\" content=\"image\/jpeg\" \/>\n<meta name=\"twitter:card\" content=\"summary_large_image\" \/>\n<meta name=\"twitter:label1\" content=\"Est. reading time\" \/>\n\t<meta name=\"twitter:data1\" content=\"1 minute\" \/>\n<script type=\"application\/ld+json\" class=\"yoast-schema-graph\">{\"@context\":\"https:\/\/schema.org\",\"@graph\":[{\"@type\":\"WebPage\",\"@id\":\"https:\/\/nyala.info\/de\/angebote\/urlaub\/silvester-san-remo\/\",\"url\":\"https:\/\/nyala.info\/de\/angebote\/urlaub\/silvester-san-remo\/\",\"name\":\"Silvester in San Remo | Nyala Suite Hotel 4-Sterne-Hotel in San Remo\",\"isPartOf\":{\"@id\":\"https:\/\/nyala.info\/de\/#website\"},\"primaryImageOfPage\":{\"@id\":\"https:\/\/nyala.info\/de\/angebote\/urlaub\/silvester-san-remo\/#primaryimage\"},\"image\":{\"@id\":\"https:\/\/nyala.info\/de\/angebote\/urlaub\/silvester-san-remo\/#primaryimage\"},\"thumbnailUrl\":\"https:\/\/nyala.info\/wp-content\/uploads\/2016\/08\/IMG_3622.jpg\",\"datePublished\":\"2016-10-18T17:20:26+00:00\",\"dateModified\":\"2018-12-27T13:55:00+00:00\",\"description\":\"Silvester in San Remo - Reservieren sie einen Aufenthalt in unserem Hotel in San Remo zu Silvester und geniessen sie die Vorz\u00fcge unseres modernen Hotels\",\"breadcrumb\":{\"@id\":\"https:\/\/nyala.info\/de\/angebote\/urlaub\/silvester-san-remo\/#breadcrumb\"},\"inLanguage\":\"de-DE\",\"potentialAction\":[{\"@type\":\"ReadAction\",\"target\":[\"https:\/\/nyala.info\/de\/angebote\/urlaub\/silvester-san-remo\/\"]}]},{\"@type\":\"ImageObject\",\"inLanguage\":\"de-DE\",\"@id\":\"https:\/\/nyala.info\/de\/angebote\/urlaub\/silvester-san-remo\/#primaryimage\",\"url\":\"https:\/\/nyala.info\/wp-content\/uploads\/2016\/08\/IMG_3622.jpg\",\"contentUrl\":\"https:\/\/nyala.info\/wp-content\/uploads\/2016\/08\/IMG_3622.jpg\",\"width\":1620,\"height\":1080,\"caption\":\"capodanno a sanremo, silvester in sanremo, \u041d\u043e\u0432\u044b\u0439 \u0433\u043e\u0434 \u0432 \u0421\u0430\u043d-\u0420\u0435\u043c\u043e\"},{\"@type\":\"BreadcrumbList\",\"@id\":\"https:\/\/nyala.info\/de\/angebote\/urlaub\/silvester-san-remo\/#breadcrumb\",\"itemListElement\":[{\"@type\":\"ListItem\",\"position\":1,\"name\":\"Home\",\"item\":\"https:\/\/nyala.info\/de\/\"},{\"@type\":\"ListItem\",\"position\":2,\"name\":\"ANGEBOTE\",\"item\":\"https:\/\/nyala.info\/de\/angebote\/\"},{\"@type\":\"ListItem\",\"position\":3,\"name\":\"Urlaub in San Remo\",\"item\":\"https:\/\/nyala.info\/de\/angebote\/urlaub\/\"},{\"@type\":\"ListItem\",\"position\":4,\"name\":\"Silvester in San Remo\"}]},{\"@type\":\"WebSite\",\"@id\":\"https:\/\/nyala.info\/de\/#website\",\"url\":\"https:\/\/nyala.info\/de\/\",\"name\":\"Nyala Suite Hotel\",\"description\":\"4-Sterne-Hotel in San Remo\",\"potentialAction\":[{\"@type\":\"SearchAction\",\"target\":{\"@type\":\"EntryPoint\",\"urlTemplate\":\"https:\/\/nyala.info\/de\/?s={search_term_string}\"},\"query-input\":{\"@type\":\"PropertyValueSpecification\",\"valueRequired\":true,\"valueName\":\"search_term_string\"}}],\"inLanguage\":\"de-DE\"}]}<\/script>\n<!-- \/ Yoast SEO plugin. -->","yoast_head_json":{"title":"Silvester in San Remo | Nyala Suite Hotel 4-Sterne-Hotel in San Remo","description":"Silvester in San Remo - Reservieren sie einen Aufenthalt in unserem Hotel in San Remo zu Silvester und geniessen sie die Vorz\u00fcge unseres modernen Hotels","robots":{"index":"noindex","follow":"follow","max-snippet":"max-snippet:-1","max-image-preview":"max-image-preview:large","max-video-preview":"max-video-preview:-1"},"og_locale":"de_DE","og_type":"article","og_title":"Silvester in San Remo | Nyala Suite Hotel 4-Sterne-Hotel in San Remo","og_description":"Silvester in San Remo - Reservieren sie einen Aufenthalt in unserem Hotel in San Remo zu Silvester und geniessen sie die Vorz\u00fcge unseres modernen Hotels","og_url":"https:\/\/nyala.info\/de\/angebote\/urlaub\/silvester-san-remo\/","og_site_name":"Nyala Suite Hotel","article_modified_time":"2018-12-27T13:55:00+00:00","og_image":[{"width":1620,"height":1080,"url":"https:\/\/nyala.info\/wp-content\/uploads\/2016\/08\/IMG_3622.jpg","type":"image\/jpeg"}],"twitter_card":"summary_large_image","twitter_misc":{"Est. reading time":"1 minute"},"schema":{"@context":"https:\/\/schema.org","@graph":[{"@type":"WebPage","@id":"https:\/\/nyala.info\/de\/angebote\/urlaub\/silvester-san-remo\/","url":"https:\/\/nyala.info\/de\/angebote\/urlaub\/silvester-san-remo\/","name":"Silvester in San Remo | Nyala Suite Hotel 4-Sterne-Hotel in San Remo","isPartOf":{"@id":"https:\/\/nyala.info\/de\/#website"},"primaryImageOfPage":{"@id":"https:\/\/nyala.info\/de\/angebote\/urlaub\/silvester-san-remo\/#primaryimage"},"image":{"@id":"https:\/\/nyala.info\/de\/angebote\/urlaub\/silvester-san-remo\/#primaryimage"},"thumbnailUrl":"https:\/\/nyala.info\/wp-content\/uploads\/2016\/08\/IMG_3622.jpg","datePublished":"2016-10-18T17:20:26+00:00","dateModified":"2018-12-27T13:55:00+00:00","description":"Silvester in San Remo - Reservieren sie einen Aufenthalt in unserem Hotel in San Remo zu Silvester und geniessen sie die Vorz\u00fcge unseres modernen Hotels","breadcrumb":{"@id":"https:\/\/nyala.info\/de\/angebote\/urlaub\/silvester-san-remo\/#breadcrumb"},"inLanguage":"de-DE","potentialAction":[{"@type":"ReadAction","target":["https:\/\/nyala.info\/de\/angebote\/urlaub\/silvester-san-remo\/"]}]},{"@type":"ImageObject","inLanguage":"de-DE","@id":"https:\/\/nyala.info\/de\/angebote\/urlaub\/silvester-san-remo\/#primaryimage","url":"https:\/\/nyala.info\/wp-content\/uploads\/2016\/08\/IMG_3622.jpg","contentUrl":"https:\/\/nyala.info\/wp-content\/uploads\/2016\/08\/IMG_3622.jpg","width":1620,"height":1080,"caption":"capodanno a sanremo, silvester in sanremo, \u041d\u043e\u0432\u044b\u0439 \u0433\u043e\u0434 \u0432 \u0421\u0430\u043d-\u0420\u0435\u043c\u043e"},{"@type":"BreadcrumbList","@id":"https:\/\/nyala.info\/de\/angebote\/urlaub\/silvester-san-remo\/#breadcrumb","itemListElement":[{"@type":"ListItem","position":1,"name":"Home","item":"https:\/\/nyala.info\/de\/"},{"@type":"ListItem","position":2,"name":"ANGEBOTE","item":"https:\/\/nyala.info\/de\/angebote\/"},{"@type":"ListItem","position":3,"name":"Urlaub in San Remo","item":"https:\/\/nyala.info\/de\/angebote\/urlaub\/"},{"@type":"ListItem","position":4,"name":"Silvester in San Remo"}]},{"@type":"WebSite","@id":"https:\/\/nyala.info\/de\/#website","url":"https:\/\/nyala.info\/de\/","name":"Nyala Suite Hotel","description":"4-Sterne-Hotel in San Remo","potentialAction":[{"@type":"SearchAction","target":{"@type":"EntryPoint","urlTemplate":"https:\/\/nyala.info\/de\/?s={search_term_string}"},"query-input":{"@type":"PropertyValueSpecification","valueRequired":true,"valueName":"search_term_string"}}],"inLanguage":"de-DE"}]}},"_links":{"self":[{"href":"https:\/\/nyala.info\/de\/wp-json\/wp\/v2\/pages\/2153"}],"collection":[{"href":"https:\/\/nyala.info\/de\/wp-json\/wp\/v2\/pages"}],"about":[{"href":"https:\/\/nyala.info\/de\/wp-json\/wp\/v2\/types\/page"}],"author":[{"embeddable":true,"href":"https:\/\/nyala.info\/de\/wp-json\/wp\/v2\/users\/3"}],"replies":[{"embeddable":true,"href":"https:\/\/nyala.info\/de\/wp-json\/wp\/v2\/comments?post=2153"}],"version-history":[{"count":16,"href":"https:\/\/nyala.info\/de\/wp-json\/wp\/v2\/pages\/2153\/revisions"}],"predecessor-version":[{"id":7371,"href":"https:\/\/nyala.info\/de\/wp-json\/wp\/v2\/pages\/2153\/revisions\/7371"}],"up":[{"embeddable":true,"href":"https:\/\/nyala.info\/de\/wp-json\/wp\/v2\/pages\/4987"}],"wp:featuredmedia":[{"embeddable":true,"href":"https:\/\/nyala.info\/de\/wp-json\/wp\/v2\/media\/1118"}],"wp:attachment":[{"href":"https:\/\/nyala.info\/de\/wp-json\/wp\/v2\/media?parent=2153"}],"curies":[{"name":"wp","href":"https:\/\/api.w.org\/{rel}","templated":true}]}}